{"id":25331,"date":"2020-07-28T18:41:47","date_gmt":"2020-07-28T15:41:47","guid":{"rendered":"http:\/\/anatomi.com.tr\/?page_id=25331"},"modified":"2020-08-27T07:42:57","modified_gmt":"2020-08-27T04:42:57","slug":"impressum","status":"publish","type":"page","link":"https:\/\/anatomi.com.tr\/tr\/impressum\/","title":{"rendered":"Impressum"},"content":{"rendered":"<div data-elementor-type=\"wp-page\" data-elementor-id=\"25331\" class=\"elementor elementor-25331\">\n\t\t\t\t\t\t<section class=\"elementor-section elementor-top-section elementor-element elementor-element-1934dc40 elementor-section-boxed elementor-section-height-default elementor-section-height-default\" data-id=\"1934dc40\" data-element_type=\"section\">\n\t\t\t\t\t\t<div class=\"elementor-container elementor-column-gap-default\">\n\t\t\t\t\t<div class=\"elementor-column elementor-col-100 elementor-top-column elementor-element elementor-element-186d2894\" data-id=\"186d2894\" data-element_type=\"column\">\n\t\t\t<div class=\"elementor-widget-wrap elementor-element-populated\">\n\t\t\t\t\t\t<div class=\"elementor-element elementor-element-41c2a76e elementor-widget elementor-widget-text-editor\" data-id=\"41c2a76e\" data-element_type=\"widget\" data-widget_type=\"text-editor.default\">\n\t\t\t\t<div class=\"elementor-widget-container\">\n\t\t\t\t\t\t\t<p><!-- wp:paragraph --><\/p>\n<p>Anatomi, t\u00fcm web sitesinin telif hakk\u0131 sahibidir. \u0130\u00e7indekiler ba\u015fka hi\u00e7bir ama\u00e7la kullan\u0131lamaz ve kopyalanamaz. Bu web sitesindeki bilgilerden do\u011fan y\u00fck\u00fcml\u00fcl\u00fcklerden kendimizi uzak tutuyoruz. T\u00fcrk hukuku her t\u00fcrl\u00fc hukuki soruna uygulan\u0131r.<br \/>Formu doldurmakla ilgili olarak iletilen ki\u015fisel veriler gizlidir ve \u00fc\u00e7\u00fcnc\u00fc taraflara if\u015fa edilmeyecektir.<br \/><b>\u00a9 2010 Anatomi<\/b><br \/><b>Veri koruma Google Analytics beyan\u0131.<\/b><br \/>\u201cBu web sitesi, Google Inc. (\u201c Google \u201d) taraf\u0131ndan sunulan bir web analiz hizmeti olan Google Analytics'i kullanmaktad\u0131r. Google Analytics, bilgisayar\u0131n\u0131zda depolanan ve web sitesini kullan\u0131m\u0131n\u0131z\u0131n analizini sa\u011flayan \"\u00e7erezler\", metin dosyalar\u0131 kullan\u0131r. \u00c7erez taraf\u0131ndan bu web sitesini kullan\u0131m\u0131n\u0131zla ilgili olarak olu\u015fturulan bilgiler (IP adresiniz dahil) ABD'deki bir Google sunucusuna iletilir ve orada saklan\u0131r. Google bu bilgileri, web sitesini kullan\u0131m\u0131n\u0131z\u0131 de\u011ferlendirmek, web sitesi operat\u00f6rleri i\u00e7in web sitesi etkinli\u011fi hakk\u0131nda raporlar derlemek ve web sitesi etkinli\u011fi ve internet kullan\u0131m\u0131 ile ilgili di\u011fer hizmetleri sa\u011flamak i\u00e7in kullanacakt\u0131r. Google, yasalar gerektiriyorsa veya \u00fc\u00e7\u00fcnc\u00fc taraflar bu verileri Google ad\u0131na i\u015fliyorsa bu bilgileri \u00fc\u00e7\u00fcnc\u00fc taraflara da aktarabilir. Google hi\u00e7bir ko\u015fulda IP adresinizi di\u011fer Google verilerine ba\u011flamaz. Taray\u0131c\u0131 yaz\u0131l\u0131m\u0131n\u0131z\u0131 buna g\u00f6re ayarlayarak \u00e7erezlerin y\u00fcklenmesini engelleyebilirsiniz; ancak, bunu yaparsan\u0131z bu web sitesinin t\u00fcm i\u015flevlerini kullanamayabilece\u011finizi l\u00fctfen unutmay\u0131n. Bu web sitesini kullanarak, Google ile ilgili verilerinizin yukar\u0131da belirtilen ama\u00e7larla ve ama\u00e7larla i\u015flenmesine izin vermi\u015f olursunuz. \u201dTaray\u0131c\u0131 yaz\u0131l\u0131m\u0131n\u0131z\u0131 buna g\u00f6re ayarlayarak \u00e7erezlerin y\u00fcklenmesini engelleyebilirsiniz; ancak, bunu yaparsan\u0131z bu web sitesinin t\u00fcm i\u015flevlerini kullanamayabilece\u011finizi l\u00fctfen unutmay\u0131n. Bu web sitesini kullanarak, Google ile ilgili verilerinizin yukar\u0131da belirtilen ama\u00e7larla ve ama\u00e7larla i\u015flenmesine izin vermi\u015f olursunuz. \u201dTaray\u0131c\u0131 yaz\u0131l\u0131m\u0131n\u0131z\u0131 buna g\u00f6re ayarlayarak \u00e7erezlerin y\u00fcklenmesini engelleyebilirsiniz; ancak, bunu yaparsan\u0131z bu web sitesinin t\u00fcm i\u015flevlerini kullanamayabilece\u011finizi l\u00fctfen unutmay\u0131n. Bu web sitesini kullanarak, Google ile ilgili verilerinizin yukar\u0131da belirtilen ama\u00e7larla ve ama\u00e7larla i\u015flenmesine izin vermi\u015f olursunuz. \u201c<\/p>\n<p><!-- \/wp:paragraph --><\/p>\t\t\t\t\t\t<\/div>\n\t\t\t\t<\/div>\n\t\t\t\t\t<\/div>\n\t\t<\/div>\n\t\t\t\t\t<\/div>\n\t\t<\/section>\n\t\t\t\t<\/div>","protected":false},"excerpt":{"rendered":"<p>Anatomi is the copyright owner of the complete website. Contents may not be used for any other purposes and may not be copied. We hold ourselves free from any liabilities arising out of information on this website. Turkish law applies to any juridictional questions.Personal data transmitted in connection with filling out the form are confidential [&hellip;]<\/p>","protected":false},"author":1,"featured_media":0,"parent":0,"menu_order":0,"comment_status":"closed","ping_status":"closed","template":"","meta":{"_monsterinsights_skip_tracking":false,"_monsterinsights_sitenote_active":false,"_monsterinsights_sitenote_note":"","_monsterinsights_sitenote_category":0,"site-sidebar-layout":"default","site-content-layout":"default","ast-site-content-layout":"","site-content-style":"default","site-sidebar-style":"default","ast-global-header-display":"","ast-banner-title-visibility":"","ast-main-header-display":"","ast-hfb-above-header-display":"","ast-hfb-below-header-display":"","ast-hfb-mobile-header-display":"","site-post-title":"","ast-breadcrumbs-content":"","ast-featured-img":"","footer-sml-layout":"","theme-transparent-header-meta":"default","adv-header-id-meta":"","stick-header-meta":"","header-above-stick-meta":"","header-main-stick-meta":"","header-below-stick-meta":"","astra-migrate-meta-layouts":"default","ast-page-background-enabled":"default","ast-page-background-meta":{"desktop":{"background-color":"","background-image":"","background-repeat":"repeat","background-position":"center center","background-size":"auto","background-attachment":"scroll","background-type":"","background-media":"","overlay-type":"","overlay-color":"","overlay-gradient":""},"tablet":{"background-color":"","background-image":"","background-repeat":"repeat","background-position":"center center","background-size":"auto","background-attachment":"scroll","background-type":"","background-media":"","overlay-type":"","overlay-color":"","overlay-gradient":""},"mobile":{"background-color":"","background-image":"","background-repeat":"repeat","background-position":"center center","background-size":"auto","background-attachment":"scroll","background-type":"","background-media":"","overlay-type":"","overlay-color":"","overlay-gradient":""}},"ast-content-background-meta":{"desktop":{"background-color":"var(--ast-global-color-5)","background-image":"","background-repeat":"repeat","background-position":"center center","background-size":"auto","background-attachment":"scroll","background-type":"","background-media":"","overlay-type":"","overlay-color":"","overlay-gradient":""},"tablet":{"background-color":"var(--ast-global-color-5)","background-image":"","background-repeat":"repeat","background-position":"center center","background-size":"auto","background-attachment":"scroll","background-type":"","background-media":"","overlay-type":"","overlay-color":"","overlay-gradient":""},"mobile":{"background-color":"var(--ast-global-color-5)","background-image":"","background-repeat":"repeat","background-position":"center center","background-size":"auto","background-attachment":"scroll","background-type":"","background-media":"","overlay-type":"","overlay-color":"","overlay-gradient":""}},"footnotes":""},"class_list":["post-25331","page","type-page","status-publish","hentry"],"yoast_head":"<!-- This site is optimized with the Yoast SEO plugin v27.4 - https:\/\/yoast.com\/product\/yoast-seo-wordpress\/ -->\n<title>Impressum - Anatomi<\/title>\n<meta name=\"robots\" content=\"index, follow, max-snippet:-1, max-image-preview:large, max-video-preview:-1\" \/>\n<link rel=\"canonical\" href=\"https:\/\/anatomi.com.tr\/tr\/impressum\/\" \/>\n<meta property=\"og:locale\" content=\"tr_TR\" \/>\n<meta property=\"og:type\" content=\"article\" \/>\n<meta property=\"og:title\" content=\"Impressum - Anatomi\" \/>\n<meta property=\"og:description\" content=\"Anatomi is the copyright owner of the complete website. Contents may not be used for any other purposes and may not be copied. We hold ourselves free from any liabilities arising out of information on this website. Turkish law applies to any juridictional questions.Personal data transmitted in connection with filling out the form are confidential [&hellip;]\" \/>\n<meta property=\"og:url\" content=\"https:\/\/anatomi.com.tr\/tr\/impressum\/\" \/>\n<meta property=\"og:site_name\" content=\"Anatomi\" \/>\n<meta property=\"article:modified_time\" content=\"2020-08-27T04:42:57+00:00\" \/>\n<meta name=\"twitter:card\" content=\"summary_large_image\" \/>\n<meta name=\"twitter:label1\" content=\"Tahmini okuma s\u00fcresi\" \/>\n\t<meta name=\"twitter:data1\" content=\"2 dakika\" \/>\n<script type=\"application\/ld+json\" class=\"yoast-schema-graph\">{\"@context\":\"https:\\\/\\\/schema.org\",\"@graph\":[{\"@type\":\"WebPage\",\"@id\":\"https:\\\/\\\/anatomi.com.tr\\\/impressum\\\/\",\"url\":\"https:\\\/\\\/anatomi.com.tr\\\/impressum\\\/\",\"name\":\"Impressum - Anatomi\",\"isPartOf\":{\"@id\":\"https:\\\/\\\/anatomi.com.tr\\\/tr\\\/#website\"},\"datePublished\":\"2020-07-28T15:41:47+00:00\",\"dateModified\":\"2020-08-27T04:42:57+00:00\",\"breadcrumb\":{\"@id\":\"https:\\\/\\\/anatomi.com.tr\\\/impressum\\\/#breadcrumb\"},\"inLanguage\":\"tr\",\"potentialAction\":[{\"@type\":\"ReadAction\",\"target\":[\"https:\\\/\\\/anatomi.com.tr\\\/impressum\\\/\"]}]},{\"@type\":\"BreadcrumbList\",\"@id\":\"https:\\\/\\\/anatomi.com.tr\\\/impressum\\\/#breadcrumb\",\"itemListElement\":[{\"@type\":\"ListItem\",\"position\":1,\"name\":\"Home\",\"item\":\"https:\\\/\\\/anatomi.com.tr\\\/tr\\\/\"},{\"@type\":\"ListItem\",\"position\":2,\"name\":\"Impressum\"}]},{\"@type\":\"WebSite\",\"@id\":\"https:\\\/\\\/anatomi.com.tr\\\/tr\\\/#website\",\"url\":\"https:\\\/\\\/anatomi.com.tr\\\/tr\\\/\",\"name\":\"Anatomi\",\"description\":\"\",\"publisher\":{\"@id\":\"https:\\\/\\\/anatomi.com.tr\\\/tr\\\/#organization\"},\"potentialAction\":[{\"@type\":\"SearchAction\",\"target\":{\"@type\":\"EntryPoint\",\"urlTemplate\":\"https:\\\/\\\/anatomi.com.tr\\\/tr\\\/?s={search_term_string}\"},\"query-input\":{\"@type\":\"PropertyValueSpecification\",\"valueRequired\":true,\"valueName\":\"search_term_string\"}}],\"inLanguage\":\"tr\"},{\"@type\":\"Organization\",\"@id\":\"https:\\\/\\\/anatomi.com.tr\\\/tr\\\/#organization\",\"name\":\"Anatomi\",\"url\":\"https:\\\/\\\/anatomi.com.tr\\\/tr\\\/\",\"logo\":{\"@type\":\"ImageObject\",\"inLanguage\":\"tr\",\"@id\":\"https:\\\/\\\/anatomi.com.tr\\\/tr\\\/#\\\/schema\\\/logo\\\/image\\\/\",\"url\":\"https:\\\/\\\/anatomi.com.tr\\\/wp-content\\\/uploads\\\/2019\\\/07\\\/anatomi-Logo-Original.png\",\"contentUrl\":\"https:\\\/\\\/anatomi.com.tr\\\/wp-content\\\/uploads\\\/2019\\\/07\\\/anatomi-Logo-Original.png\",\"width\":1960,\"height\":502,\"caption\":\"Anatomi\"},\"image\":{\"@id\":\"https:\\\/\\\/anatomi.com.tr\\\/tr\\\/#\\\/schema\\\/logo\\\/image\\\/\"}}]}<\/script>\n<!-- \/ Yoast SEO plugin. -->","yoast_head_json":{"title":"Impressum - Anatomi","robots":{"index":"index","follow":"follow","max-snippet":"max-snippet:-1","max-image-preview":"max-image-preview:large","max-video-preview":"max-video-preview:-1"},"canonical":"https:\/\/anatomi.com.tr\/tr\/impressum\/","og_locale":"tr_TR","og_type":"article","og_title":"Impressum - Anatomi","og_description":"Anatomi is the copyright owner of the complete website. Contents may not be used for any other purposes and may not be copied. We hold ourselves free from any liabilities arising out of information on this website. Turkish law applies to any juridictional questions.Personal data transmitted in connection with filling out the form are confidential [&hellip;]","og_url":"https:\/\/anatomi.com.tr\/tr\/impressum\/","og_site_name":"Anatomi","article_modified_time":"2020-08-27T04:42:57+00:00","twitter_card":"summary_large_image","twitter_misc":{"Tahmini okuma s\u00fcresi":"2 dakika"},"schema":{"@context":"https:\/\/schema.org","@graph":[{"@type":"WebPage","@id":"https:\/\/anatomi.com.tr\/impressum\/","url":"https:\/\/anatomi.com.tr\/impressum\/","name":"Impressum - Anatomi","isPartOf":{"@id":"https:\/\/anatomi.com.tr\/tr\/#website"},"datePublished":"2020-07-28T15:41:47+00:00","dateModified":"2020-08-27T04:42:57+00:00","breadcrumb":{"@id":"https:\/\/anatomi.com.tr\/impressum\/#breadcrumb"},"inLanguage":"tr","potentialAction":[{"@type":"ReadAction","target":["https:\/\/anatomi.com.tr\/impressum\/"]}]},{"@type":"BreadcrumbList","@id":"https:\/\/anatomi.com.tr\/impressum\/#breadcrumb","itemListElement":[{"@type":"ListItem","position":1,"name":"Home","item":"https:\/\/anatomi.com.tr\/tr\/"},{"@type":"ListItem","position":2,"name":"Impressum"}]},{"@type":"WebSite","@id":"https:\/\/anatomi.com.tr\/tr\/#website","url":"https:\/\/anatomi.com.tr\/tr\/","name":"Anatomi","description":"","publisher":{"@id":"https:\/\/anatomi.com.tr\/tr\/#organization"},"potentialAction":[{"@type":"SearchAction","target":{"@type":"EntryPoint","urlTemplate":"https:\/\/anatomi.com.tr\/tr\/?s={search_term_string}"},"query-input":{"@type":"PropertyValueSpecification","valueRequired":true,"valueName":"search_term_string"}}],"inLanguage":"tr"},{"@type":"Organization","@id":"https:\/\/anatomi.com.tr\/tr\/#organization","name":"Anatomi","url":"https:\/\/anatomi.com.tr\/tr\/","logo":{"@type":"ImageObject","inLanguage":"tr","@id":"https:\/\/anatomi.com.tr\/tr\/#\/schema\/logo\/image\/","url":"https:\/\/anatomi.com.tr\/wp-content\/uploads\/2019\/07\/anatomi-Logo-Original.png","contentUrl":"https:\/\/anatomi.com.tr\/wp-content\/uploads\/2019\/07\/anatomi-Logo-Original.png","width":1960,"height":502,"caption":"Anatomi"},"image":{"@id":"https:\/\/anatomi.com.tr\/tr\/#\/schema\/logo\/image\/"}}]}},"_links":{"self":[{"href":"https:\/\/anatomi.com.tr\/tr\/wp-json\/wp\/v2\/pages\/25331","targetHints":{"allow":["GET"]}}],"collection":[{"href":"https:\/\/anatomi.com.tr\/tr\/wp-json\/wp\/v2\/pages"}],"about":[{"href":"https:\/\/anatomi.com.tr\/tr\/wp-json\/wp\/v2\/types\/page"}],"author":[{"embeddable":true,"href":"https:\/\/anatomi.com.tr\/tr\/wp-json\/wp\/v2\/users\/1"}],"replies":[{"embeddable":true,"href":"https:\/\/anatomi.com.tr\/tr\/wp-json\/wp\/v2\/comments?post=25331"}],"version-history":[{"count":0,"href":"https:\/\/anatomi.com.tr\/tr\/wp-json\/wp\/v2\/pages\/25331\/revisions"}],"wp:attachment":[{"href":"https:\/\/anatomi.com.tr\/tr\/wp-json\/wp\/v2\/media?parent=25331"}],"curies":[{"name":"wp","href":"https:\/\/api.w.org\/{rel}","templated":true}]}}